{"id":9675,"date":"2020-07-07T13:00:28","date_gmt":"2020-07-07T11:00:28","guid":{"rendered":"https:\/\/angelicadass.com\/politica-privacidad\/"},"modified":"2020-11-16T14:05:19","modified_gmt":"2020-11-16T13:05:19","slug":"politica-privacidad","status":"publish","type":"page","link":"https:\/\/angelicadass.com\/pt\/politica-privacidad\/","title":{"rendered":"Copyright"},"content":{"rendered":"<h1>Copyright Aviso a todos os usu\u00e1rios<\/h1>\n<p>Todas as imagens e materiais encontrados neste site s\u00e3o de propriedade de Ang\u00e9lica Dass (a Artista); e muitas destas fotografias e obras de arte tamb\u00e9m est\u00e3o sob contratos legais com terceiros que t\u00eam direitos legais e autoriza\u00e7\u00e3o para usar estas imagens.<\/p>\n<p>Qualquer usu\u00e1rio, encontrado para imprimir, replicar, reproduzir, referenciar, circular, distribuir, manipular ou de outra forma usar estas imagens sem o consentimento por escrito da Artista estar\u00e1 violando as leis de direitos autorais, bem como as leis contratuais (para as quais terceiros podem tomar a\u00e7\u00f5es conjuntas com a Artista contra voc\u00ea).<\/p>\n<h3>Refer\u00eancia de imagens<\/h3>\n<p>Voc\u00ea \u00e9 obrigado a ter uma licen\u00e7a ou permiss\u00e3o por escrito do Artista ou agente se voc\u00ea pretende criar trabalhos referenciados ou derivados para qualquer uso comercial ou para venda, incluindo mas n\u00e3o se limitando a: impress\u00f5es, concursos, modelos 3D, classifica\u00e7\u00e3o de cores, CDs, cartazes, websites, mercadorias, etc. Por favor, forne\u00e7a as imagens e informa\u00e7\u00f5es de uso pretendidas ao nos contatar.<\/p>\n<p>Voc\u00ea n\u00e3o requer uma licen\u00e7a se pretende fazer refer\u00eancia a imagens deste website para uso pessoal, tais como desenhos, ilustra\u00e7\u00f5es e obras de arte em 3D que se destinam a estudos, pr\u00e1tica e lazer. Entretanto, voc\u00ea deve pedir permiss\u00e3o expl\u00edcita por escrito ao Artista e dar cr\u00e9dito claro para qualquer refer\u00eancia utilizada ao publicar seu trabalho tanto online quanto offline, declarando claramente: &#8220;Photography by Ang\u00e9lica Dass&#8221;, e link de volta para www.angelicadass.com ou p\u00e1gina do usu\u00e1rio @angelicadass junto com os hashtags #humanae #humanaeproject #angelicadass em m\u00eddias sociais como Facebook, Twitter e Instagram. O Artista se reserva o direito de arquivar os takedowns DMCA por infra\u00e7\u00e3o se voc\u00ea n\u00e3o cumprir com estes termos.<\/p>\n<h3>Compartilhamento e Uso da Imagem<\/h3>\n<p>Voc\u00ea pode compartilhar imagens e trabalhos encontrados neste site exclusivamente no contexto de apresentar a Artista e sob as seguintes condi\u00e7\u00f5es: &#8211; Voc\u00ea deve creditar o nome completo da Artista, Ang\u00e9lica Dass, e o link de volta para www.angelicadass.com &#8211;<\/p>\n<p>Voc\u00ea n\u00e3o pode utilizar o material para fins comerciais ou fora do contexto de apresenta\u00e7\u00e3o do Artista. &#8211; Se voc\u00ea remixar, transformar ou construir sobre o material, voc\u00ea n\u00e3o poder\u00e1 distribuir o material modificado sem o consentimento por escrito do Artista. &#8211; Se voc\u00ea usar as imagens para not\u00edcias ou recursos do blog, voc\u00ea n\u00e3o poder\u00e1 editar\/cortar\/manipular os trabalhos do Artista de nenhuma forma, exceto apenas para visualiza\u00e7\u00e3o de imagens. Em outras palavras, voc\u00ea n\u00e3o pode utilizar as imagens e materiais deste website em obras de arte, manipula\u00e7\u00f5es ou desenhos, incluindo mas n\u00e3o se limitando a: ilustra\u00e7\u00f5es, pinturas, compostos, manipula\u00e7\u00f5es, websites, layouts, tubos, pap\u00e9is de parede, banners, blogs, CDs, cartazes, \u00edcones, v\u00eddeos, pe\u00e7as audiovisuais, etc., para qualquer finalidade, sem permiss\u00e3o expl\u00edcita por escrito do Artista.<\/p>\n<p>Para qualquer informa\u00e7\u00e3o adicional, por favor, entre em contato conosco.<\/p>\n<p>Obrigado.<\/p>\n","protected":false},"excerpt":{"rendered":"Copyright Aviso a todos os usu\u00e1rios Todas as imagens e materiais encontrados neste site s\u00e3o de propriedade de Ang\u00e9lica Dass (a Artista); e muitas destas fotografias e obras de arte tamb\u00e9m est\u00e3o sob contratos legais com terceiros que t\u00eam direitos legais e autoriza\u00e7\u00e3o para usar estas imagens. Qualquer usu\u00e1rio, encontrado para imprimir, replicar, reproduzir, referenciar,&#8230; <a class=\"view-article\" href=\"https:\/\/angelicadass.com\/pt\/politica-privacidad\/\">View Article<\/a>","protected":false},"author":1,"featured_media":0,"parent":0,"menu_order":0,"comment_status":"closed","ping_status":"open","template":"templates\/copyright.php","meta":{"_acf_changed":false,"footnotes":""},"class_list":["post-9675","page","type-page","status-publish","hentry"],"acf":[],"yoast_head":"<!-- This site is optimized with the Yoast SEO plugin v24.8.1 - https:\/\/yoast.com\/wordpress\/plugins\/seo\/ -->\n<title>Copyright &#8212; Ang\u00e9lica Dass<\/title>\n<meta name=\"robots\" content=\"index, follow, max-snippet:-1, max-image-preview:large, max-video-preview:-1\" \/>\n<link rel=\"canonical\" href=\"https:\/\/angelicadass.com\/pt\/politica-privacidad\/\" \/>\n<meta property=\"og:locale\" content=\"pt_PT\" \/>\n<meta property=\"og:type\" content=\"article\" \/>\n<meta property=\"og:title\" content=\"Copyright &#8212; Ang\u00e9lica Dass\" \/>\n<meta property=\"og:description\" content=\"Copyright Aviso a todos os usu\u00e1rios Todas as imagens e materiais encontrados neste site s\u00e3o de propriedade de Ang\u00e9lica Dass (a Artista); e muitas destas fotografias e obras de arte tamb\u00e9m est\u00e3o sob contratos legais com terceiros que t\u00eam direitos legais e autoriza\u00e7\u00e3o para usar estas imagens. Qualquer usu\u00e1rio, encontrado para imprimir, replicar, reproduzir, referenciar,... View Article\" \/>\n<meta property=\"og:url\" content=\"https:\/\/angelicadass.com\/pt\/politica-privacidad\/\" \/>\n<meta property=\"og:site_name\" content=\"Ang\u00e9lica Dass\" \/>\n<meta property=\"article:modified_time\" content=\"2020-11-16T13:05:19+00:00\" \/>\n<meta name=\"twitter:card\" content=\"summary_large_image\" \/>\n<meta name=\"twitter:label1\" content=\"Tempo estimado de leitura\" \/>\n\t<meta name=\"twitter:data1\" content=\"3 minutos\" \/>\n<script type=\"application\/ld+json\" class=\"yoast-schema-graph\">{\"@context\":\"https:\/\/schema.org\",\"@graph\":[{\"@type\":\"WebPage\",\"@id\":\"https:\/\/angelicadass.com\/pt\/politica-privacidad\/\",\"url\":\"https:\/\/angelicadass.com\/pt\/politica-privacidad\/\",\"name\":\"Copyright &#8212; Ang\u00e9lica Dass\",\"isPartOf\":{\"@id\":\"https:\/\/angelicadass.com\/pt\/#website\"},\"datePublished\":\"2020-07-07T11:00:28+00:00\",\"dateModified\":\"2020-11-16T13:05:19+00:00\",\"breadcrumb\":{\"@id\":\"https:\/\/angelicadass.com\/pt\/politica-privacidad\/#breadcrumb\"},\"inLanguage\":\"pt-PT\",\"potentialAction\":[{\"@type\":\"ReadAction\",\"target\":[\"https:\/\/angelicadass.com\/pt\/politica-privacidad\/\"]}]},{\"@type\":\"BreadcrumbList\",\"@id\":\"https:\/\/angelicadass.com\/pt\/politica-privacidad\/#breadcrumb\",\"itemListElement\":[{\"@type\":\"ListItem\",\"position\":1,\"name\":\"Portada\",\"item\":\"https:\/\/angelicadass.com\/pt\/\"},{\"@type\":\"ListItem\",\"position\":2,\"name\":\"Copyright\"}]},{\"@type\":\"WebSite\",\"@id\":\"https:\/\/angelicadass.com\/pt\/#website\",\"url\":\"https:\/\/angelicadass.com\/pt\/\",\"name\":\"Ang\u00e9lica Dass\",\"description\":\"Brazilian photographer based in Madrid and the creator of the project Human\u00e6.\",\"publisher\":{\"@id\":\"https:\/\/angelicadass.com\/pt\/#\/schema\/person\/064bcca70897f1ef0e97135a9a946db6\"},\"potentialAction\":[{\"@type\":\"SearchAction\",\"target\":{\"@type\":\"EntryPoint\",\"urlTemplate\":\"https:\/\/angelicadass.com\/pt\/?s={search_term_string}\"},\"query-input\":{\"@type\":\"PropertyValueSpecification\",\"valueRequired\":true,\"valueName\":\"search_term_string\"}}],\"inLanguage\":\"pt-PT\"},{\"@type\":[\"Person\",\"Organization\"],\"@id\":\"https:\/\/angelicadass.com\/pt\/#\/schema\/person\/064bcca70897f1ef0e97135a9a946db6\",\"name\":\"Ang\u00e9lica Dass\",\"image\":{\"@type\":\"ImageObject\",\"inLanguage\":\"pt-PT\",\"@id\":\"https:\/\/angelicadass.com\/pt\/#\/schema\/person\/image\/\",\"url\":\"https:\/\/secure.gravatar.com\/avatar\/4c9ed7d61adf4b4db539c7eec9cc73a7?s=96&d=mm&r=g\",\"contentUrl\":\"https:\/\/secure.gravatar.com\/avatar\/4c9ed7d61adf4b4db539c7eec9cc73a7?s=96&d=mm&r=g\",\"caption\":\"Ang\u00e9lica Dass\"},\"logo\":{\"@id\":\"https:\/\/angelicadass.com\/pt\/#\/schema\/person\/image\/\"}}]}<\/script>\n<!-- \/ Yoast SEO plugin. -->","yoast_head_json":{"title":"Copyright &#8212; Ang\u00e9lica Dass","robots":{"index":"index","follow":"follow","max-snippet":"max-snippet:-1","max-image-preview":"max-image-preview:large","max-video-preview":"max-video-preview:-1"},"canonical":"https:\/\/angelicadass.com\/pt\/politica-privacidad\/","og_locale":"pt_PT","og_type":"article","og_title":"Copyright &#8212; Ang\u00e9lica Dass","og_description":"Copyright Aviso a todos os usu\u00e1rios Todas as imagens e materiais encontrados neste site s\u00e3o de propriedade de Ang\u00e9lica Dass (a Artista); e muitas destas fotografias e obras de arte tamb\u00e9m est\u00e3o sob contratos legais com terceiros que t\u00eam direitos legais e autoriza\u00e7\u00e3o para usar estas imagens. Qualquer usu\u00e1rio, encontrado para imprimir, replicar, reproduzir, referenciar,... View Article","og_url":"https:\/\/angelicadass.com\/pt\/politica-privacidad\/","og_site_name":"Ang\u00e9lica Dass","article_modified_time":"2020-11-16T13:05:19+00:00","twitter_card":"summary_large_image","twitter_misc":{"Tempo estimado de leitura":"3 minutos"},"schema":{"@context":"https:\/\/schema.org","@graph":[{"@type":"WebPage","@id":"https:\/\/angelicadass.com\/pt\/politica-privacidad\/","url":"https:\/\/angelicadass.com\/pt\/politica-privacidad\/","name":"Copyright &#8212; Ang\u00e9lica Dass","isPartOf":{"@id":"https:\/\/angelicadass.com\/pt\/#website"},"datePublished":"2020-07-07T11:00:28+00:00","dateModified":"2020-11-16T13:05:19+00:00","breadcrumb":{"@id":"https:\/\/angelicadass.com\/pt\/politica-privacidad\/#breadcrumb"},"inLanguage":"pt-PT","potentialAction":[{"@type":"ReadAction","target":["https:\/\/angelicadass.com\/pt\/politica-privacidad\/"]}]},{"@type":"BreadcrumbList","@id":"https:\/\/angelicadass.com\/pt\/politica-privacidad\/#breadcrumb","itemListElement":[{"@type":"ListItem","position":1,"name":"Portada","item":"https:\/\/angelicadass.com\/pt\/"},{"@type":"ListItem","position":2,"name":"Copyright"}]},{"@type":"WebSite","@id":"https:\/\/angelicadass.com\/pt\/#website","url":"https:\/\/angelicadass.com\/pt\/","name":"Ang\u00e9lica Dass","description":"Brazilian photographer based in Madrid and the creator of the project Human\u00e6.","publisher":{"@id":"https:\/\/angelicadass.com\/pt\/#\/schema\/person\/064bcca70897f1ef0e97135a9a946db6"},"potentialAction":[{"@type":"SearchAction","target":{"@type":"EntryPoint","urlTemplate":"https:\/\/angelicadass.com\/pt\/?s={search_term_string}"},"query-input":{"@type":"PropertyValueSpecification","valueRequired":true,"valueName":"search_term_string"}}],"inLanguage":"pt-PT"},{"@type":["Person","Organization"],"@id":"https:\/\/angelicadass.com\/pt\/#\/schema\/person\/064bcca70897f1ef0e97135a9a946db6","name":"Ang\u00e9lica Dass","image":{"@type":"ImageObject","inLanguage":"pt-PT","@id":"https:\/\/angelicadass.com\/pt\/#\/schema\/person\/image\/","url":"https:\/\/secure.gravatar.com\/avatar\/4c9ed7d61adf4b4db539c7eec9cc73a7?s=96&d=mm&r=g","contentUrl":"https:\/\/secure.gravatar.com\/avatar\/4c9ed7d61adf4b4db539c7eec9cc73a7?s=96&d=mm&r=g","caption":"Ang\u00e9lica Dass"},"logo":{"@id":"https:\/\/angelicadass.com\/pt\/#\/schema\/person\/image\/"}}]}},"_links":{"self":[{"href":"https:\/\/angelicadass.com\/pt\/wp-json\/wp\/v2\/pages\/9675","targetHints":{"allow":["GET"]}}],"collection":[{"href":"https:\/\/angelicadass.com\/pt\/wp-json\/wp\/v2\/pages"}],"about":[{"href":"https:\/\/angelicadass.com\/pt\/wp-json\/wp\/v2\/types\/page"}],"author":[{"embeddable":true,"href":"https:\/\/angelicadass.com\/pt\/wp-json\/wp\/v2\/users\/1"}],"replies":[{"embeddable":true,"href":"https:\/\/angelicadass.com\/pt\/wp-json\/wp\/v2\/comments?post=9675"}],"version-history":[{"count":3,"href":"https:\/\/angelicadass.com\/pt\/wp-json\/wp\/v2\/pages\/9675\/revisions"}],"predecessor-version":[{"id":9915,"href":"https:\/\/angelicadass.com\/pt\/wp-json\/wp\/v2\/pages\/9675\/revisions\/9915"}],"wp:attachment":[{"href":"https:\/\/angelicadass.com\/pt\/wp-json\/wp\/v2\/media?parent=9675"}],"curies":[{"name":"wp","href":"https:\/\/api.w.org\/{rel}","templated":true}]}}